{"id":2,"date":"2017-12-05T23:37:32","date_gmt":"2017-12-06T01:37:32","guid":{"rendered":"http:\/\/publicidadevivida.com.br\/blog\/?page_id=2"},"modified":"2019-07-10T19:57:28","modified_gmt":"2019-07-10T22:57:28","slug":"sobre","status":"publish","type":"page","link":"https:\/\/publicidadevivida.com.br\/blog\/sobre\/","title":{"rendered":"Sobre o Autor: Marcello Silva."},"content":{"rendered":"<p>Publicit\u00e1rio, carioca, 57 anos de trajet\u00f3ria, sabendo de algumas coisas que aprendi com a profiss\u00e3o. Uma profiss\u00e3o que me ensinou que inovar \u00e9 preciso.<\/p>\n<p><img decoding=\"async\" loading=\"lazy\" class=\"size-medium wp-image-23 alignleft\" src=\"http:\/\/publicidadevivida.com.br\/blog\/wp-content\/uploads\/2017\/12\/11700886_641028229330152_4052053760190247744_o-300x300.jpg\" alt=\"\" width=\"300\" height=\"300\" srcset=\"https:\/\/publicidadevivida.com.br\/blog\/wp-content\/uploads\/2017\/12\/11700886_641028229330152_4052053760190247744_o-300x300.jpg 300w, https:\/\/publicidadevivida.com.br\/blog\/wp-content\/uploads\/2017\/12\/11700886_641028229330152_4052053760190247744_o-150x150.jpg 150w, https:\/\/publicidadevivida.com.br\/blog\/wp-content\/uploads\/2017\/12\/11700886_641028229330152_4052053760190247744_o-768x769.jpg 768w, https:\/\/publicidadevivida.com.br\/blog\/wp-content\/uploads\/2017\/12\/11700886_641028229330152_4052053760190247744_o-960x960.jpg 960w, https:\/\/publicidadevivida.com.br\/blog\/wp-content\/uploads\/2017\/12\/11700886_641028229330152_4052053760190247744_o-640x640.jpg 640w, https:\/\/publicidadevivida.com.br\/blog\/wp-content\/uploads\/2017\/12\/11700886_641028229330152_4052053760190247744_o-90x90.jpg 90w, https:\/\/publicidadevivida.com.br\/blog\/wp-content\/uploads\/2017\/12\/11700886_641028229330152_4052053760190247744_o.jpg 980w\" sizes=\"(max-width: 300px) 100vw, 300px\" \/>Comecei em 1960 na Standard Propaganda, hoje Ogilvy. Passei por mais de 20 ag\u00eancias, entre elas a Artplan, Denison, a SGB, a CBBA.<br>\nFui Diretor Nacional de Marketing da Ernst &amp; Young.<\/p>\n<p>No Rio de Janeiro,fui professor na FACHA, na Gama Filho, na ESPM e no COPPEAD.<\/p>\n<p>Nos \u00faltimos dois anos, n\u00e3o me intimidei, e por intui\u00e7\u00e3o, tenho trabalhado com Ag\u00eancias que nasceram no Mundo Digital.<\/p>\n<p>Por a\u00ed, voc\u00ea j\u00e1 sentiu que estou pronto para receber seu email:<br>\n<a href=\"mailto:marcello@publicidadevivida.com.br\">marcello@publicidadevivida.com.br<\/a><\/p>\n\n\n<script type=\"text\/javascript\" src=\"https:\/\/platform.linkedin.com\/badges\/js\/profile.js\" async defer><\/script>\n<div class=\"LI-profile-badge\"  data-version=\"v1\" data-size=\"medium\" data-locale=\"pt_BR\" data-type=\"vertical\" data-theme=\"light\" data-vanity=\"marcello-silva-4b090130\"><a class=\"LI-simple-link\" href='https:\/\/br.linkedin.com\/in\/marcello-silva-4b090130?trk=profile-badge'>Marcello Silva<\/a><\/div>\n","protected":false},"excerpt":{"rendered":"<p>Publicit\u00e1rio, carioca, 57 anos de trajet\u00f3ria, sabendo de algumas coisas que aprendi com a profiss\u00e3o. Uma profiss\u00e3o que me ensinou que inovar \u00e9 preciso. Comecei em 1960 na Standard Propaganda, hoje Ogilvy. Passei por mais de 20 ag\u00eancias, entre elas a Artplan, Denison, a SGB, &hellip; <a href=\"https:\/\/publicidadevivida.com.br\/blog\/sobre\/\" class=\"more-link\"><span>Continuar lendo&#8230;<span class=\"screen-reader-text\">Sobre o Autor: Marcello Silva.<\/span><\/span><\/a><\/p>\n","protected":false},"author":1,"featured_media":0,"parent":0,"menu_order":0,"comment_status":"closed","ping_status":"closed","template":"","meta":{"_mi_skip_tracking":false,"_monsterinsights_sitenote_active":false,"_monsterinsights_sitenote_note":"","_monsterinsights_sitenote_category":0},"yoast_head":"<!-- This site is optimized with the Yoast SEO plugin v20.12 - https:\/\/yoast.com\/wordpress\/plugins\/seo\/ -->\n<title>Sobre o Autor: Marcello Silva. - Publicidade Vivida<\/title>\n<meta name=\"robots\" content=\"index, follow, max-snippet:-1, max-image-preview:large, max-video-preview:-1\" \/>\n<link rel=\"canonical\" href=\"http:\/\/publicidadevivida.com.br\/blog\/sobre\/\" \/>\n<meta property=\"og:locale\" content=\"pt_BR\" \/>\n<meta property=\"og:type\" content=\"article\" \/>\n<meta property=\"og:title\" content=\"Sobre o Autor: Marcello Silva. - Publicidade Vivida\" \/>\n<meta property=\"og:description\" content=\"Publicit\u00e1rio, carioca, 57 anos de trajet\u00f3ria, sabendo de algumas coisas que aprendi com a profiss\u00e3o. Uma profiss\u00e3o que me ensinou que inovar \u00e9 preciso. Comecei em 1960 na Standard Propaganda, hoje Ogilvy. Passei por mais de 20 ag\u00eancias, entre elas a Artplan, Denison, a SGB, &hellip; Continuar lendo...Sobre o Autor: Marcello Silva.\" \/>\n<meta property=\"og:url\" content=\"http:\/\/publicidadevivida.com.br\/blog\/sobre\/\" \/>\n<meta property=\"og:site_name\" content=\"Publicidade Vivida\" \/>\n<meta property=\"article:modified_time\" content=\"2019-07-10T22:57:28+00:00\" \/>\n<meta property=\"og:image\" content=\"http:\/\/publicidadevivida.com.br\/blog\/wp-content\/uploads\/2017\/12\/11700886_641028229330152_4052053760190247744_o-300x300.jpg\" \/>\n<meta name=\"twitter:card\" content=\"summary_large_image\" \/>\n<meta name=\"twitter:label1\" content=\"Est. tempo de leitura\" \/>\n\t<meta name=\"twitter:data1\" content=\"1 minuto\" \/>\n<script type=\"application\/ld+json\" class=\"yoast-schema-graph\">{\"@context\":\"https:\/\/schema.org\",\"@graph\":[{\"@type\":[\"WebPage\",\"CollectionPage\"],\"@id\":\"http:\/\/publicidadevivida.com.br\/blog\/sobre\/\",\"url\":\"http:\/\/publicidadevivida.com.br\/blog\/sobre\/\",\"name\":\"Sobre o Autor: Marcello Silva. - Publicidade Vivida\",\"isPartOf\":{\"@id\":\"https:\/\/publicidadevivida.com.br\/blog\/#website\"},\"datePublished\":\"2017-12-06T01:37:32+00:00\",\"dateModified\":\"2019-07-10T22:57:28+00:00\",\"breadcrumb\":{\"@id\":\"http:\/\/publicidadevivida.com.br\/blog\/sobre\/#breadcrumb\"},\"inLanguage\":\"pt-BR\"},{\"@type\":\"BreadcrumbList\",\"@id\":\"http:\/\/publicidadevivida.com.br\/blog\/sobre\/#breadcrumb\",\"itemListElement\":[{\"@type\":\"ListItem\",\"position\":1,\"name\":\"In\u00edcio\",\"item\":\"https:\/\/publicidadevivida.com.br\/blog\/\"},{\"@type\":\"ListItem\",\"position\":2,\"name\":\"Sobre o Autor: Marcello Silva.\"}]},{\"@type\":\"WebSite\",\"@id\":\"https:\/\/publicidadevivida.com.br\/blog\/#website\",\"url\":\"https:\/\/publicidadevivida.com.br\/blog\/\",\"name\":\"Publicidade Vivida\",\"description\":\"\",\"potentialAction\":[{\"@type\":\"SearchAction\",\"target\":{\"@type\":\"EntryPoint\",\"urlTemplate\":\"https:\/\/publicidadevivida.com.br\/blog\/?s={search_term_string}\"},\"query-input\":\"required name=search_term_string\"}],\"inLanguage\":\"pt-BR\"}]}<\/script>\n<!-- \/ Yoast SEO plugin. -->","yoast_head_json":{"title":"Sobre o Autor: Marcello Silva. - Publicidade Vivida","robots":{"index":"index","follow":"follow","max-snippet":"max-snippet:-1","max-image-preview":"max-image-preview:large","max-video-preview":"max-video-preview:-1"},"canonical":"http:\/\/publicidadevivida.com.br\/blog\/sobre\/","og_locale":"pt_BR","og_type":"article","og_title":"Sobre o Autor: Marcello Silva. - Publicidade Vivida","og_description":"Publicit\u00e1rio, carioca, 57 anos de trajet\u00f3ria, sabendo de algumas coisas que aprendi com a profiss\u00e3o. Uma profiss\u00e3o que me ensinou que inovar \u00e9 preciso. Comecei em 1960 na Standard Propaganda, hoje Ogilvy. Passei por mais de 20 ag\u00eancias, entre elas a Artplan, Denison, a SGB, &hellip; Continuar lendo...Sobre o Autor: Marcello Silva.","og_url":"http:\/\/publicidadevivida.com.br\/blog\/sobre\/","og_site_name":"Publicidade Vivida","article_modified_time":"2019-07-10T22:57:28+00:00","og_image":[{"url":"http:\/\/publicidadevivida.com.br\/blog\/wp-content\/uploads\/2017\/12\/11700886_641028229330152_4052053760190247744_o-300x300.jpg"}],"twitter_card":"summary_large_image","twitter_misc":{"Est. tempo de leitura":"1 minuto"},"schema":{"@context":"https:\/\/schema.org","@graph":[{"@type":["WebPage","CollectionPage"],"@id":"http:\/\/publicidadevivida.com.br\/blog\/sobre\/","url":"http:\/\/publicidadevivida.com.br\/blog\/sobre\/","name":"Sobre o Autor: Marcello Silva. - Publicidade Vivida","isPartOf":{"@id":"https:\/\/publicidadevivida.com.br\/blog\/#website"},"datePublished":"2017-12-06T01:37:32+00:00","dateModified":"2019-07-10T22:57:28+00:00","breadcrumb":{"@id":"http:\/\/publicidadevivida.com.br\/blog\/sobre\/#breadcrumb"},"inLanguage":"pt-BR"},{"@type":"BreadcrumbList","@id":"http:\/\/publicidadevivida.com.br\/blog\/sobre\/#breadcrumb","itemListElement":[{"@type":"ListItem","position":1,"name":"In\u00edcio","item":"https:\/\/publicidadevivida.com.br\/blog\/"},{"@type":"ListItem","position":2,"name":"Sobre o Autor: Marcello Silva."}]},{"@type":"WebSite","@id":"https:\/\/publicidadevivida.com.br\/blog\/#website","url":"https:\/\/publicidadevivida.com.br\/blog\/","name":"Publicidade Vivida","description":"","potentialAction":[{"@type":"SearchAction","target":{"@type":"EntryPoint","urlTemplate":"https:\/\/publicidadevivida.com.br\/blog\/?s={search_term_string}"},"query-input":"required name=search_term_string"}],"inLanguage":"pt-BR"}]}},"_links":{"self":[{"href":"https:\/\/publicidadevivida.com.br\/blog\/wp-json\/wp\/v2\/pages\/2"}],"collection":[{"href":"https:\/\/publicidadevivida.com.br\/blog\/wp-json\/wp\/v2\/pages"}],"about":[{"href":"https:\/\/publicidadevivida.com.br\/blog\/wp-json\/wp\/v2\/types\/page"}],"author":[{"embeddable":true,"href":"https:\/\/publicidadevivida.com.br\/blog\/wp-json\/wp\/v2\/users\/1"}],"replies":[{"embeddable":true,"href":"https:\/\/publicidadevivida.com.br\/blog\/wp-json\/wp\/v2\/comments?post=2"}],"version-history":[{"count":9,"href":"https:\/\/publicidadevivida.com.br\/blog\/wp-json\/wp\/v2\/pages\/2\/revisions"}],"predecessor-version":[{"id":238,"href":"https:\/\/publicidadevivida.com.br\/blog\/wp-json\/wp\/v2\/pages\/2\/revisions\/238"}],"wp:attachment":[{"href":"https:\/\/publicidadevivida.com.br\/blog\/wp-json\/wp\/v2\/media?parent=2"}],"curies":[{"name":"wp","href":"https:\/\/api.w.org\/{rel}","templated":true}]}}